{"id":5991,"date":"2026-04-23T22:37:28","date_gmt":"2026-04-24T04:37:28","guid":{"rendered":"https:\/\/panespan.mx\/?post_type=product&#038;p=5991"},"modified":"2026-04-24T09:42:47","modified_gmt":"2026-04-24T15:42:47","slug":"antojito-fit","status":"publish","type":"product","link":"https:\/\/panespan.mx\/?product=antojito-fit","title":{"rendered":"Antojito fit"},"content":{"rendered":"<p><span class=\"a_GcMg font-feature-liga-off font-feature-clig-off font-feature-calt-off text-decoration-none text-strikethrough-none\"><strong><span style=\"color: #ff99cc;\">ESPECIAL D\u00cdA DE LAS MADRES:<\/span><\/strong> inspirada en mis antojos de embarazado sin sentir culpa.<\/span><\/p>\n<p class=\"cvGsUA direction-ltr align-center para-style-body\"><span class=\"a_GcMg font-feature-liga-off font-feature-clig-off font-feature-calt-off text-decoration-none text-strikethrough-none\">Panqu\u00e9 de zanahoria especiado con betun cremoso de nuez de la india.<\/span><\/p>\n<p class=\"cvGsUA direction-ltr align-center para-style-body\"><span class=\"a_GcMg font-feature-liga-off font-feature-clig-off font-feature-calt-off text-decoration-none text-strikethrough-none\">Sin gluten, sin az\u00facar refinada y sin l\u00e1cteos.<\/span><\/p>\n<p><span style=\"color: #ff0000;\"><strong>contiene nuez<\/strong><\/span><\/p>\n<p><span class=\"a_GcMg font-feature-liga-off font-feature-clig-off font-feature-calt-off text-decoration-none text-strikethrough-none\">4-6 rebanadas<\/span><\/p>\n<p><strong>*Empaquetado listo para regalar*<\/strong><\/p>\n<p>&nbsp;<\/p>\n<p>&nbsp;<\/p>\n<p>&nbsp;<\/p>\n","protected":false},"excerpt":{"rendered":"<p>ESPECIAL D\u00cdA DE LAS MADRES: inspirada en mis antojos de embarazado sin sentir culpa. Panqu\u00e9 de zanahoria especiado con betun cremoso de nuez de la india. Sin gluten, sin az\u00facar refinada y sin l\u00e1cteos. contiene nuez 4-6 rebanadas *Empaquetado listo para regalar* &nbsp; &nbsp; &nbsp;<\/p>\n","protected":false},"featured_media":5993,"template":"","meta":[],"product_brand":[],"product_cat":[32,43],"product_tag":[],"class_list":{"0":"post-5991","1":"product","2":"type-product","3":"status-publish","4":"has-post-thumbnail","6":"product_cat-balance","7":"product_cat-dia-de-las-madres","9":"first","10":"instock","11":"shipping-taxable","12":"purchasable","13":"product-type-simple"},"_links":{"self":[{"href":"https:\/\/panespan.mx\/index.php?rest_route=\/wp\/v2\/product\/5991","targetHints":{"allow":["GET"]}}],"collection":[{"href":"https:\/\/panespan.mx\/index.php?rest_route=\/wp\/v2\/product"}],"about":[{"href":"https:\/\/panespan.mx\/index.php?rest_route=\/wp\/v2\/types\/product"}],"wp:featuredmedia":[{"embeddable":true,"href":"https:\/\/panespan.mx\/index.php?rest_route=\/wp\/v2\/media\/5993"}],"wp:attachment":[{"href":"https:\/\/panespan.mx\/index.php?rest_route=%2Fwp%2Fv2%2Fmedia&parent=5991"}],"wp:term":[{"taxonomy":"product_brand","embeddable":true,"href":"https:\/\/panespan.mx\/index.php?rest_route=%2Fwp%2Fv2%2Fproduct_brand&post=5991"},{"taxonomy":"product_cat","embeddable":true,"href":"https:\/\/panespan.mx\/index.php?rest_route=%2Fwp%2Fv2%2Fproduct_cat&post=5991"},{"taxonomy":"product_tag","embeddable":true,"href":"https:\/\/panespan.mx\/index.php?rest_route=%2Fwp%2Fv2%2Fproduct_tag&post=5991"}],"curies":[{"name":"wp","href":"https:\/\/api.w.org\/{rel}","templated":true}]}}