{"id":5021,"date":"2025-10-10T13:01:48","date_gmt":"2025-10-10T19:01:48","guid":{"rendered":"https:\/\/panespan.mx\/?post_type=product&#038;p=5021"},"modified":"2026-01-11T11:20:23","modified_gmt":"2026-01-11T18:20:23","slug":"barra-de-canela","status":"publish","type":"product","link":"https:\/\/panespan.mx\/?product=barra-de-canela","title":{"rendered":"Barra de canela"},"content":{"rendered":"<p>Barra blanca con swirl de canela y azucar mascabado.<\/p>\n<p>Edici\u00f3n especial de oto\u00f1o.<\/p>\n<p>*Empaquetado en bolsa de celof\u00e1n*<\/p>\n<p>&nbsp;<\/p>\n","protected":false},"excerpt":{"rendered":"<p>Barra blanca con swirl de canela y azucar mascabado. Edici\u00f3n especial de oto\u00f1o. *Empaquetado en bolsa de celof\u00e1n* &nbsp;<\/p>\n","protected":false},"featured_media":5024,"template":"","meta":[],"product_brand":[],"product_cat":[15],"product_tag":[],"class_list":{"0":"post-5021","1":"product","2":"type-product","3":"status-publish","4":"has-post-thumbnail","6":"product_cat-panaderia","8":"first","9":"instock","10":"shipping-taxable","11":"purchasable","12":"product-type-variable"},"_links":{"self":[{"href":"https:\/\/panespan.mx\/index.php?rest_route=\/wp\/v2\/product\/5021","targetHints":{"allow":["GET"]}}],"collection":[{"href":"https:\/\/panespan.mx\/index.php?rest_route=\/wp\/v2\/product"}],"about":[{"href":"https:\/\/panespan.mx\/index.php?rest_route=\/wp\/v2\/types\/product"}],"wp:featuredmedia":[{"embeddable":true,"href":"https:\/\/panespan.mx\/index.php?rest_route=\/wp\/v2\/media\/5024"}],"wp:attachment":[{"href":"https:\/\/panespan.mx\/index.php?rest_route=%2Fwp%2Fv2%2Fmedia&parent=5021"}],"wp:term":[{"taxonomy":"product_brand","embeddable":true,"href":"https:\/\/panespan.mx\/index.php?rest_route=%2Fwp%2Fv2%2Fproduct_brand&post=5021"},{"taxonomy":"product_cat","embeddable":true,"href":"https:\/\/panespan.mx\/index.php?rest_route=%2Fwp%2Fv2%2Fproduct_cat&post=5021"},{"taxonomy":"product_tag","embeddable":true,"href":"https:\/\/panespan.mx\/index.php?rest_route=%2Fwp%2Fv2%2Fproduct_tag&post=5021"}],"curies":[{"name":"wp","href":"https:\/\/api.w.org\/{rel}","templated":true}]}}