{"id":5004,"date":"2025-10-02T10:56:23","date_gmt":"2025-10-02T16:56:23","guid":{"rendered":"https:\/\/panespan.mx\/?post_type=product&#038;p=5004"},"modified":"2026-01-19T10:16:21","modified_gmt":"2026-01-19T17:16:21","slug":"hogaza-organica-arandanos-nuez","status":"publish","type":"product","link":"https:\/\/panespan.mx\/?product=hogaza-organica-arandanos-nuez","title":{"rendered":"Hogaza org\u00e1nica ar\u00e1ndanos &#038; nuez"},"content":{"rendered":"<p>Hogaza de masa madre org\u00e1nica con ar\u00e1ndanos, nuez y canela.<\/p>\n<p>Edici\u00f3n especial de oto\u00f1o.<\/p>\n<p><strong>Entregas \u00fanicamente los d\u00edas Jueves\u00a0 y S\u00e1bado debido a su larga fermentaci\u00f3n<\/strong><\/p>\n<p>*Empaquetado en bolsa de celof\u00e1n*<\/p>\n<p>&nbsp;<\/p>\n","protected":false},"excerpt":{"rendered":"<p>Hogaza de masa madre org\u00e1nica con ar\u00e1ndanos, nuez y canela. Edici\u00f3n especial de oto\u00f1o. Entregas \u00fanicamente los d\u00edas Jueves\u00a0 y S\u00e1bado debido a su larga fermentaci\u00f3n *Empaquetado en bolsa de celof\u00e1n* &nbsp;<\/p>\n","protected":false},"featured_media":5008,"template":"","meta":[],"product_brand":[],"product_cat":[15,36],"product_tag":[],"class_list":{"0":"post-5004","1":"product","2":"type-product","3":"status-publish","4":"has-post-thumbnail","6":"product_cat-panaderia","7":"product_cat-detemporada","9":"first","10":"instock","11":"shipping-taxable","12":"purchasable","13":"product-type-variable"},"_links":{"self":[{"href":"https:\/\/panespan.mx\/index.php?rest_route=\/wp\/v2\/product\/5004","targetHints":{"allow":["GET"]}}],"collection":[{"href":"https:\/\/panespan.mx\/index.php?rest_route=\/wp\/v2\/product"}],"about":[{"href":"https:\/\/panespan.mx\/index.php?rest_route=\/wp\/v2\/types\/product"}],"wp:featuredmedia":[{"embeddable":true,"href":"https:\/\/panespan.mx\/index.php?rest_route=\/wp\/v2\/media\/5008"}],"wp:attachment":[{"href":"https:\/\/panespan.mx\/index.php?rest_route=%2Fwp%2Fv2%2Fmedia&parent=5004"}],"wp:term":[{"taxonomy":"product_brand","embeddable":true,"href":"https:\/\/panespan.mx\/index.php?rest_route=%2Fwp%2Fv2%2Fproduct_brand&post=5004"},{"taxonomy":"product_cat","embeddable":true,"href":"https:\/\/panespan.mx\/index.php?rest_route=%2Fwp%2Fv2%2Fproduct_cat&post=5004"},{"taxonomy":"product_tag","embeddable":true,"href":"https:\/\/panespan.mx\/index.php?rest_route=%2Fwp%2Fv2%2Fproduct_tag&post=5004"}],"curies":[{"name":"wp","href":"https:\/\/api.w.org\/{rel}","templated":true}]}}