{"id":3667,"date":"2024-06-08T20:55:25","date_gmt":"2024-06-09T02:55:25","guid":{"rendered":"https:\/\/panespan.mx\/?post_type=product&#038;p=3667"},"modified":"2026-01-11T11:23:33","modified_gmt":"2026-01-11T18:23:33","slug":"brownie-de-espinaca","status":"publish","type":"product","link":"https:\/\/panespan.mx\/?product=brownie-de-espinaca","title":{"rendered":"Brownie de espinaca"},"content":{"rendered":"<p class=\"cvGsUA direction-ltr align-start para-style-body\"><span class=\"OYPEnA text-decoration-none text-strikethrough-none\">Brownie hecho a base de espinacas y cacao, endulzado con miel de agave org\u00e1nica.\u00a0<\/span><\/p>\n<p>Pieza individual.<\/p>\n<p class=\"cvGsUA direction-ltr align-start para-style-body\">Libre de gluten, az\u00facar refinada &amp; l\u00e1cteos.<\/p>\n<p>*Empaque en bolsa de celof\u00e1n*<\/p>\n<p>&nbsp;<\/p>\n<p>&nbsp;<\/p>\n","protected":false},"excerpt":{"rendered":"<p>Brownie hecho a base de espinacas y cacao, endulzado con miel de agave org\u00e1nica.\u00a0 Pieza individual. Libre de gluten, az\u00facar refinada &amp; l\u00e1cteos. *Empaque en bolsa de celof\u00e1n* &nbsp; &nbsp;<\/p>\n","protected":false},"featured_media":3668,"template":"","meta":[],"product_brand":[],"product_cat":[32],"product_tag":[],"class_list":{"0":"post-3667","1":"product","2":"type-product","3":"status-publish","4":"has-post-thumbnail","6":"product_cat-balance","8":"first","9":"instock","10":"shipping-taxable","11":"purchasable","12":"product-type-simple"},"_links":{"self":[{"href":"https:\/\/panespan.mx\/index.php?rest_route=\/wp\/v2\/product\/3667","targetHints":{"allow":["GET"]}}],"collection":[{"href":"https:\/\/panespan.mx\/index.php?rest_route=\/wp\/v2\/product"}],"about":[{"href":"https:\/\/panespan.mx\/index.php?rest_route=\/wp\/v2\/types\/product"}],"wp:featuredmedia":[{"embeddable":true,"href":"https:\/\/panespan.mx\/index.php?rest_route=\/wp\/v2\/media\/3668"}],"wp:attachment":[{"href":"https:\/\/panespan.mx\/index.php?rest_route=%2Fwp%2Fv2%2Fmedia&parent=3667"}],"wp:term":[{"taxonomy":"product_brand","embeddable":true,"href":"https:\/\/panespan.mx\/index.php?rest_route=%2Fwp%2Fv2%2Fproduct_brand&post=3667"},{"taxonomy":"product_cat","embeddable":true,"href":"https:\/\/panespan.mx\/index.php?rest_route=%2Fwp%2Fv2%2Fproduct_cat&post=3667"},{"taxonomy":"product_tag","embeddable":true,"href":"https:\/\/panespan.mx\/index.php?rest_route=%2Fwp%2Fv2%2Fproduct_tag&post=3667"}],"curies":[{"name":"wp","href":"https:\/\/api.w.org\/{rel}","templated":true}]}}