{"id":3356,"date":"2024-01-30T22:19:05","date_gmt":"2024-01-31T05:19:05","guid":{"rendered":"https:\/\/panespan.mx\/?post_type=product&#038;p=3356"},"modified":"2026-01-11T11:24:13","modified_gmt":"2026-01-11T18:24:13","slug":"donita-fit","status":"publish","type":"product","link":"https:\/\/panespan.mx\/?product=donita-fit","title":{"rendered":"Donita fit"},"content":{"rendered":"<p>Dona horneada de vainilla, hecha a base de harina de coco y de almendra con glaseado de cacao 100%.<\/p>\n<p>Endulzante a elegir: miel de agave org\u00e1nica o fruto del monje.<\/p>\n<p><span class=\"S1PPyQ\">Libre de gluten, az\u00facar refinada &amp; l\u00e1cteos.<\/span><\/p>\n<p>*Pieza individual*<\/p>\n<p>&nbsp;<\/p>\n","protected":false},"excerpt":{"rendered":"<p>Dona horneada de vainilla, hecha a base de harina de coco y de almendra con glaseado de cacao 100%. Endulzante a elegir: miel de agave org\u00e1nica o fruto del monje. Libre de gluten, az\u00facar refinada &amp; l\u00e1cteos. *Pieza individual* &nbsp;<\/p>\n","protected":false},"featured_media":3361,"template":"","meta":[],"product_brand":[],"product_cat":[32],"product_tag":[],"class_list":{"0":"post-3356","1":"product","2":"type-product","3":"status-publish","4":"has-post-thumbnail","6":"product_cat-balance","8":"first","9":"instock","10":"shipping-taxable","11":"purchasable","12":"product-type-variable"},"_links":{"self":[{"href":"https:\/\/panespan.mx\/index.php?rest_route=\/wp\/v2\/product\/3356","targetHints":{"allow":["GET"]}}],"collection":[{"href":"https:\/\/panespan.mx\/index.php?rest_route=\/wp\/v2\/product"}],"about":[{"href":"https:\/\/panespan.mx\/index.php?rest_route=\/wp\/v2\/types\/product"}],"wp:featuredmedia":[{"embeddable":true,"href":"https:\/\/panespan.mx\/index.php?rest_route=\/wp\/v2\/media\/3361"}],"wp:attachment":[{"href":"https:\/\/panespan.mx\/index.php?rest_route=%2Fwp%2Fv2%2Fmedia&parent=3356"}],"wp:term":[{"taxonomy":"product_brand","embeddable":true,"href":"https:\/\/panespan.mx\/index.php?rest_route=%2Fwp%2Fv2%2Fproduct_brand&post=3356"},{"taxonomy":"product_cat","embeddable":true,"href":"https:\/\/panespan.mx\/index.php?rest_route=%2Fwp%2Fv2%2Fproduct_cat&post=3356"},{"taxonomy":"product_tag","embeddable":true,"href":"https:\/\/panespan.mx\/index.php?rest_route=%2Fwp%2Fv2%2Fproduct_tag&post=3356"}],"curies":[{"name":"wp","href":"https:\/\/api.w.org\/{rel}","templated":true}]}}