{"id":2259,"date":"2023-09-28T15:33:58","date_gmt":"2023-09-28T21:33:58","guid":{"rendered":"https:\/\/panespan.mx\/?post_type=product&#038;p=2259"},"modified":"2026-01-19T10:16:21","modified_gmt":"2026-01-19T17:16:21","slug":"hogaza-organica","status":"publish","type":"product","link":"https:\/\/panespan.mx\/?product=hogaza-organica","title":{"rendered":"Hogaza org\u00e1nica"},"content":{"rendered":"<p>Hogaza de masa madre org\u00e1nica.<\/p>\n<p><strong>Entregas \u00fanicamente los d\u00edas Jueves\u00a0 y S\u00e1bado debido a su larga fermentaci\u00f3n<\/strong><\/p>\n<p>*Empaquetado en bolsa de celof\u00e1n*<\/p>\n<p>&nbsp;<\/p>\n","protected":false},"excerpt":{"rendered":"<p>Hogaza de masa madre org\u00e1nica. Entregas \u00fanicamente los d\u00edas Jueves\u00a0 y S\u00e1bado debido a su larga fermentaci\u00f3n *Empaquetado en bolsa de celof\u00e1n* &nbsp;<\/p>\n","protected":false},"featured_media":2256,"template":"","meta":[],"product_brand":[],"product_cat":[15,36],"product_tag":[],"class_list":{"0":"post-2259","1":"product","2":"type-product","3":"status-publish","4":"has-post-thumbnail","6":"product_cat-panaderia","7":"product_cat-detemporada","9":"first","10":"instock","11":"shipping-taxable","12":"purchasable","13":"product-type-variable"},"_links":{"self":[{"href":"https:\/\/panespan.mx\/index.php?rest_route=\/wp\/v2\/product\/2259","targetHints":{"allow":["GET"]}}],"collection":[{"href":"https:\/\/panespan.mx\/index.php?rest_route=\/wp\/v2\/product"}],"about":[{"href":"https:\/\/panespan.mx\/index.php?rest_route=\/wp\/v2\/types\/product"}],"wp:featuredmedia":[{"embeddable":true,"href":"https:\/\/panespan.mx\/index.php?rest_route=\/wp\/v2\/media\/2256"}],"wp:attachment":[{"href":"https:\/\/panespan.mx\/index.php?rest_route=%2Fwp%2Fv2%2Fmedia&parent=2259"}],"wp:term":[{"taxonomy":"product_brand","embeddable":true,"href":"https:\/\/panespan.mx\/index.php?rest_route=%2Fwp%2Fv2%2Fproduct_brand&post=2259"},{"taxonomy":"product_cat","embeddable":true,"href":"https:\/\/panespan.mx\/index.php?rest_route=%2Fwp%2Fv2%2Fproduct_cat&post=2259"},{"taxonomy":"product_tag","embeddable":true,"href":"https:\/\/panespan.mx\/index.php?rest_route=%2Fwp%2Fv2%2Fproduct_tag&post=2259"}],"curies":[{"name":"wp","href":"https:\/\/api.w.org\/{rel}","templated":true}]}}