{"id":2156,"date":"2023-07-29T11:56:48","date_gmt":"2023-07-29T17:56:48","guid":{"rendered":"https:\/\/panespan.mx\/?post_type=product&#038;p=2156"},"modified":"2026-01-11T11:25:26","modified_gmt":"2026-01-11T18:25:26","slug":"panque-100-libre-de-harina","status":"publish","type":"product","link":"https:\/\/panespan.mx\/?product=panque-100-libre-de-harina","title":{"rendered":"Panque 100% libre de harina"},"content":{"rendered":"<p><span class=\"WdYUQQ text-decoration-none text-strikethrough-none\">Delicioso panqu\u00e9 SIN HARINA, hecho a base de pl\u00e1tano macho, endulzado con miel de agave, decorado con crema de tof\u00fa, nuez y zanahoria fresca.<\/span><\/p>\n<p>Libre de gluten, az\u00facar refinada y l\u00e1cteos.<\/p>\n<p><span class=\"WdYUQQ text-decoration-none text-strikethrough-none\">6- 7\u00a0 rebanadas<\/span><\/p>\n<p>*Empaquetado\u00a0 PanPan ya incluido*<\/p>\n","protected":false},"excerpt":{"rendered":"<p>Delicioso panqu\u00e9 SIN HARINA, hecho a base de pl\u00e1tano macho, endulzado con miel de agave, decorado con crema de tof\u00fa, nuez y zanahoria fresca. Libre de gluten, az\u00facar refinada y l\u00e1cteos. 6- 7\u00a0 rebanadas *Empaquetado\u00a0 PanPan ya incluido*<\/p>\n","protected":false},"featured_media":2158,"template":"","meta":[],"product_brand":[],"product_cat":[32],"product_tag":[],"class_list":{"0":"post-2156","1":"product","2":"type-product","3":"status-publish","4":"has-post-thumbnail","6":"product_cat-balance","8":"first","9":"instock","10":"shipping-taxable","11":"purchasable","12":"product-type-simple"},"_links":{"self":[{"href":"https:\/\/panespan.mx\/index.php?rest_route=\/wp\/v2\/product\/2156","targetHints":{"allow":["GET"]}}],"collection":[{"href":"https:\/\/panespan.mx\/index.php?rest_route=\/wp\/v2\/product"}],"about":[{"href":"https:\/\/panespan.mx\/index.php?rest_route=\/wp\/v2\/types\/product"}],"wp:featuredmedia":[{"embeddable":true,"href":"https:\/\/panespan.mx\/index.php?rest_route=\/wp\/v2\/media\/2158"}],"wp:attachment":[{"href":"https:\/\/panespan.mx\/index.php?rest_route=%2Fwp%2Fv2%2Fmedia&parent=2156"}],"wp:term":[{"taxonomy":"product_brand","embeddable":true,"href":"https:\/\/panespan.mx\/index.php?rest_route=%2Fwp%2Fv2%2Fproduct_brand&post=2156"},{"taxonomy":"product_cat","embeddable":true,"href":"https:\/\/panespan.mx\/index.php?rest_route=%2Fwp%2Fv2%2Fproduct_cat&post=2156"},{"taxonomy":"product_tag","embeddable":true,"href":"https:\/\/panespan.mx\/index.php?rest_route=%2Fwp%2Fv2%2Fproduct_tag&post=2156"}],"curies":[{"name":"wp","href":"https:\/\/api.w.org\/{rel}","templated":true}]}}