{"id":2124,"date":"2023-07-05T13:05:42","date_gmt":"2023-07-05T19:05:42","guid":{"rendered":"https:\/\/panespan.mx\/?post_type=product&#038;p=2124"},"modified":"2026-01-11T11:25:26","modified_gmt":"2026-01-11T18:25:26","slug":"tarta-naranja-romero-2","status":"publish","type":"product","link":"https:\/\/panespan.mx\/?product=tarta-naranja-romero-2","title":{"rendered":"Tarta naranja &#8211; romero"},"content":{"rendered":"<p><span class=\"WdYUQQ text-decoration-none text-strikethrough-none\">Deliciosa tarta fr\u00eda de naranja- romero con costra de coco y d\u00e1til, endulzado con miel de agave org\u00e1nica, decorada con naranja fresca, romero y moras.<\/span><\/p>\n<p>Libre de gluten, az\u00facar refinada y l\u00e1cteos.<\/p>\n<p><span class=\"WdYUQQ text-decoration-none text-strikethrough-none\">6-8 rebanadas<\/span><\/p>\n<p>*Empaquetado en caja PanPan ya incluido*<\/p>\n","protected":false},"excerpt":{"rendered":"<p>Deliciosa tarta fr\u00eda de naranja- romero con costra de coco y d\u00e1til, endulzado con miel de agave org\u00e1nica, decorada con naranja fresca, romero y moras. Libre de gluten, az\u00facar refinada y l\u00e1cteos. 6-8 rebanadas *Empaquetado en caja PanPan ya incluido*<\/p>\n","protected":false},"featured_media":2125,"template":"","meta":[],"product_brand":[],"product_cat":[32],"product_tag":[],"class_list":{"0":"post-2124","1":"product","2":"type-product","3":"status-publish","4":"has-post-thumbnail","6":"product_cat-balance","8":"first","9":"instock","10":"shipping-taxable","11":"purchasable","12":"product-type-simple"},"_links":{"self":[{"href":"https:\/\/panespan.mx\/index.php?rest_route=\/wp\/v2\/product\/2124","targetHints":{"allow":["GET"]}}],"collection":[{"href":"https:\/\/panespan.mx\/index.php?rest_route=\/wp\/v2\/product"}],"about":[{"href":"https:\/\/panespan.mx\/index.php?rest_route=\/wp\/v2\/types\/product"}],"wp:featuredmedia":[{"embeddable":true,"href":"https:\/\/panespan.mx\/index.php?rest_route=\/wp\/v2\/media\/2125"}],"wp:attachment":[{"href":"https:\/\/panespan.mx\/index.php?rest_route=%2Fwp%2Fv2%2Fmedia&parent=2124"}],"wp:term":[{"taxonomy":"product_brand","embeddable":true,"href":"https:\/\/panespan.mx\/index.php?rest_route=%2Fwp%2Fv2%2Fproduct_brand&post=2124"},{"taxonomy":"product_cat","embeddable":true,"href":"https:\/\/panespan.mx\/index.php?rest_route=%2Fwp%2Fv2%2Fproduct_cat&post=2124"},{"taxonomy":"product_tag","embeddable":true,"href":"https:\/\/panespan.mx\/index.php?rest_route=%2Fwp%2Fv2%2Fproduct_tag&post=2124"}],"curies":[{"name":"wp","href":"https:\/\/api.w.org\/{rel}","templated":true}]}}