{"id":1997,"date":"2023-04-20T00:24:27","date_gmt":"2023-04-20T00:24:27","guid":{"rendered":"https:\/\/panespan.mx\/?post_type=product&#038;p=1997"},"modified":"2026-01-11T11:25:26","modified_gmt":"2026-01-11T18:25:26","slug":"blueberry-fit-cake-2","status":"publish","type":"product","link":"https:\/\/panespan.mx\/?product=blueberry-fit-cake-2","title":{"rendered":"Blueberry fit cake"},"content":{"rendered":"<p><span class=\"S1PPyQ\">Bizcocho de<\/span> <span class=\"S1PPyQ\">vainilla, relleno de crema de tofu y mermelada de blueberry casera, decorado con crema de tofu, blueberry fresca y rosa de castilla.<\/span><\/p>\n<p>Endulzante a elegir: miel de agave org\u00e1nica o fruto del monje.<\/p>\n<p><span class=\"S1PPyQ\">Libre de gluten, az\u00facar refinada &amp; l\u00e1cteos.<\/span><\/p>\n<p>*Empaquetado\u00a0 PanPan ya incluido*<\/p>\n<p>&nbsp;<\/p>\n","protected":false},"excerpt":{"rendered":"<p>Bizcocho de vainilla, relleno de crema de tofu y mermelada de blueberry casera, decorado con crema de tofu, blueberry fresca y rosa de castilla. Endulzante a elegir: miel de agave org\u00e1nica o fruto del monje. Libre de gluten, az\u00facar refinada &amp; l\u00e1cteos. *Empaquetado\u00a0 PanPan ya incluido* &nbsp;<\/p>\n","protected":false},"featured_media":3362,"template":"","meta":[],"product_brand":[],"product_cat":[32],"product_tag":[],"class_list":{"0":"post-1997","1":"product","2":"type-product","3":"status-publish","4":"has-post-thumbnail","6":"product_cat-balance","8":"first","9":"instock","10":"shipping-taxable","11":"purchasable","12":"product-type-variable"},"_links":{"self":[{"href":"https:\/\/panespan.mx\/index.php?rest_route=\/wp\/v2\/product\/1997","targetHints":{"allow":["GET"]}}],"collection":[{"href":"https:\/\/panespan.mx\/index.php?rest_route=\/wp\/v2\/product"}],"about":[{"href":"https:\/\/panespan.mx\/index.php?rest_route=\/wp\/v2\/types\/product"}],"wp:featuredmedia":[{"embeddable":true,"href":"https:\/\/panespan.mx\/index.php?rest_route=\/wp\/v2\/media\/3362"}],"wp:attachment":[{"href":"https:\/\/panespan.mx\/index.php?rest_route=%2Fwp%2Fv2%2Fmedia&parent=1997"}],"wp:term":[{"taxonomy":"product_brand","embeddable":true,"href":"https:\/\/panespan.mx\/index.php?rest_route=%2Fwp%2Fv2%2Fproduct_brand&post=1997"},{"taxonomy":"product_cat","embeddable":true,"href":"https:\/\/panespan.mx\/index.php?rest_route=%2Fwp%2Fv2%2Fproduct_cat&post=1997"},{"taxonomy":"product_tag","embeddable":true,"href":"https:\/\/panespan.mx\/index.php?rest_route=%2Fwp%2Fv2%2Fproduct_tag&post=1997"}],"curies":[{"name":"wp","href":"https:\/\/api.w.org\/{rel}","templated":true}]}}