{"id":520,"date":"2022-11-16T23:01:32","date_gmt":"2022-11-16T23:01:32","guid":{"rendered":"https:\/\/panespan.mx\/?page_id=520"},"modified":"2025-10-15T12:49:15","modified_gmt":"2025-10-15T18:49:15","slug":"menu-restaurante","status":"publish","type":"page","link":"https:\/\/panespan.mx\/?page_id=520","title":{"rendered":"Menu Restaurante"},"content":{"rendered":"\t\t<div data-elementor-type=\"wp-page\" data-elementor-id=\"520\" class=\"elementor elementor-520\" data-elementor-post-type=\"page\">\n\t\t\t\t\t\t<section class=\"elementor-section elementor-top-section elementor-element elementor-element-71cc6d elementor-section-boxed elementor-section-height-default elementor-section-height-default\" data-id=\"71cc6d\" data-element_type=\"section\">\n\t\t\t\t\t\t<div class=\"elementor-container elementor-column-gap-no\">\n\t\t\t\t\t<div class=\"elementor-column elementor-col-100 elementor-top-column elementor-element elementor-element-27dbda29\" data-id=\"27dbda29\" data-element_type=\"column\">\n\t\t\t<div class=\"elementor-widget-wrap elementor-element-populated\">\n\t\t\t\t\t\t<div class=\"elementor-element elementor-element-4731bed2 elementor-widget elementor-widget-heading\" data-id=\"4731bed2\" data-element_type=\"widget\" data-widget_type=\"heading.default\">\n\t\t\t\t<div class=\"elementor-widget-container\">\n\t\t\t<style>\/*! elementor - v3.23.0 - 05-08-2024 *\/\n.elementor-heading-title{padding:0;margin:0;line-height:1}.elementor-widget-heading .elementor-heading-title[class*=elementor-size-]>a{color:inherit;font-size:inherit;line-height:inherit}.elementor-widget-heading .elementor-heading-title.elementor-size-small{font-size:15px}.elementor-widget-heading .elementor-heading-title.elementor-size-medium{font-size:19px}.elementor-widget-heading .elementor-heading-title.elementor-size-large{font-size:29px}.elementor-widget-heading .elementor-heading-title.elementor-size-xl{font-size:39px}.elementor-widget-heading .elementor-heading-title.elementor-size-xxl{font-size:59px}<\/style><h6 class=\"elementor-heading-title elementor-size-default\">Amor en cada pieza<\/h6>\t\t<\/div>\n\t\t\t\t<\/div>\n\t\t\t\t<div class=\"elementor-element elementor-element-2a4a2501 elementor-widget elementor-widget-heading\" data-id=\"2a4a2501\" data-element_type=\"widget\" data-widget_type=\"heading.default\">\n\t\t\t\t<div class=\"elementor-widget-container\">\n\t\t\t<h2 class=\"elementor-heading-title elementor-size-default\">Con creaciones libres de conservadores \n<\/h2>\t\t<\/div>\n\t\t\t\t<\/div>\n\t\t\t\t<section class=\"elementor-section elementor-inner-section elementor-element elementor-element-69d15ef0 elementor-section-boxed elementor-section-height-default elementor-section-height-default\" data-id=\"69d15ef0\" data-element_type=\"section\">\n\t\t\t\t\t\t<div class=\"elementor-container elementor-column-gap-no\">\n\t\t\t\t\t<div class=\"elementor-column elementor-col-50 elementor-inner-column elementor-element elementor-element-2bb952ce\" data-id=\"2bb952ce\" data-element_type=\"column\" data-settings=\"{&quot;background_background&quot;:&quot;classic&quot;}\">\n\t\t\t<div class=\"elementor-widget-wrap elementor-element-populated\">\n\t\t\t\t\t\t<div class=\"elementor-element elementor-element-6eeabc71 elementor-position-top elementor-widget elementor-widget-image-box\" data-id=\"6eeabc71\" data-element_type=\"widget\" data-widget_type=\"image-box.default\">\n\t\t\t\t<div class=\"elementor-widget-container\">\n\t\t\t<style>\/*! elementor - v3.23.0 - 05-08-2024 *\/\n.elementor-widget-image-box .elementor-image-box-content{width:100%}@media (min-width:768px){.elementor-widget-image-box.elementor-position-left .elementor-image-box-wrapper,.elementor-widget-image-box.elementor-position-right .elementor-image-box-wrapper{display:flex}.elementor-widget-image-box.elementor-position-right .elementor-image-box-wrapper{text-align:end;flex-direction:row-reverse}.elementor-widget-image-box.elementor-position-left .elementor-image-box-wrapper{text-align:start;flex-direction:row}.elementor-widget-image-box.elementor-position-top .elementor-image-box-img{margin:auto}.elementor-widget-image-box.elementor-vertical-align-top .elementor-image-box-wrapper{align-items:flex-start}.elementor-widget-image-box.elementor-vertical-align-middle .elementor-image-box-wrapper{align-items:center}.elementor-widget-image-box.elementor-vertical-align-bottom .elementor-image-box-wrapper{align-items:flex-end}}@media (max-width:767px){.elementor-widget-image-box .elementor-image-box-img{margin-left:auto!important;margin-right:auto!important;margin-bottom:15px}}.elementor-widget-image-box .elementor-image-box-img{display:inline-block}.elementor-widget-image-box .elementor-image-box-title a{color:inherit}.elementor-widget-image-box .elementor-image-box-wrapper{text-align:center}.elementor-widget-image-box .elementor-image-box-description{margin:0}<\/style><div class=\"elementor-image-box-wrapper\"><figure class=\"elementor-image-box-img\"><a href=\"https:\/\/panespan.mx\/wp-content\/uploads\/2025\/07\/Menu-Panpan-2025-3.pdf\" target=\"_blank\" tabindex=\"-1\"><img fetchpriority=\"high\" decoding=\"async\" width=\"1164\" height=\"1163\" src=\"https:\/\/panespan.mx\/wp-content\/uploads\/2024\/03\/WhatsApp-Image-2024-03-27-at-09.36.16_4765a310.jpg\" class=\"attachment-full size-full wp-image-3503\" alt=\"\" srcset=\"https:\/\/panespan.mx\/wp-content\/uploads\/2024\/03\/WhatsApp-Image-2024-03-27-at-09.36.16_4765a310.jpg 1164w, https:\/\/panespan.mx\/wp-content\/uploads\/2024\/03\/WhatsApp-Image-2024-03-27-at-09.36.16_4765a310-300x300.jpg 300w, https:\/\/panespan.mx\/wp-content\/uploads\/2024\/03\/WhatsApp-Image-2024-03-27-at-09.36.16_4765a310-1024x1024.jpg 1024w, https:\/\/panespan.mx\/wp-content\/uploads\/2024\/03\/WhatsApp-Image-2024-03-27-at-09.36.16_4765a310-150x150.jpg 150w, https:\/\/panespan.mx\/wp-content\/uploads\/2024\/03\/WhatsApp-Image-2024-03-27-at-09.36.16_4765a310-768x767.jpg 768w, https:\/\/panespan.mx\/wp-content\/uploads\/2024\/03\/WhatsApp-Image-2024-03-27-at-09.36.16_4765a310-600x599.jpg 600w, https:\/\/panespan.mx\/wp-content\/uploads\/2024\/03\/WhatsApp-Image-2024-03-27-at-09.36.16_4765a310-100x100.jpg 100w\" sizes=\"(max-width: 1164px) 100vw, 1164px\" \/><\/a><\/figure><\/div>\t\t<\/div>\n\t\t\t\t<\/div>\n\t\t\t\t\t<\/div>\n\t\t<\/div>\n\t\t\t\t<div class=\"elementor-column elementor-col-50 elementor-inner-column elementor-element elementor-element-5cf7aae animated-fast elementor-invisible\" data-id=\"5cf7aae\" data-element_type=\"column\" data-settings=\"{&quot;animation&quot;:&quot;slideInRight&quot;,&quot;animation_tablet&quot;:&quot;none&quot;,&quot;animation_mobile&quot;:&quot;none&quot;,&quot;animation_delay&quot;:0}\">\n\t\t\t<div class=\"elementor-widget-wrap elementor-element-populated\">\n\t\t\t\t\t\t<div class=\"elementor-element elementor-element-7fc9584 elementor-widget elementor-widget-heading\" data-id=\"7fc9584\" data-element_type=\"widget\" data-widget_type=\"heading.default\">\n\t\t\t\t<div class=\"elementor-widget-container\">\n\t\t\t<h6 class=\"elementor-heading-title elementor-size-default\">Descarga <\/h6>\t\t<\/div>\n\t\t\t\t<\/div>\n\t\t\t\t<div class=\"elementor-element elementor-element-e538518 elementor-widget elementor-widget-heading\" data-id=\"e538518\" data-element_type=\"widget\" data-widget_type=\"heading.default\">\n\t\t\t\t<div class=\"elementor-widget-container\">\n\t\t\t<h2 class=\"elementor-heading-title elementor-size-default\">Nuestro Men\u00fa<\/h2>\t\t<\/div>\n\t\t\t\t<\/div>\n\t\t\t\t<div class=\"elementor-element elementor-element-063a5f2 elementor-widget elementor-widget-text-editor\" data-id=\"063a5f2\" data-element_type=\"widget\" data-widget_type=\"text-editor.default\">\n\t\t\t\t<div class=\"elementor-widget-container\">\n\t\t\t<style>\/*! elementor - v3.23.0 - 05-08-2024 *\/\n.elementor-widget-text-editor.elementor-drop-cap-view-stacked .elementor-drop-cap{background-color:#69727d;color:#fff}.elementor-widget-text-editor.elementor-drop-cap-view-framed .elementor-drop-cap{color:#69727d;border:3px solid;background-color:transparent}.elementor-widget-text-editor:not(.elementor-drop-cap-view-default) .elementor-drop-cap{margin-top:8px}.elementor-widget-text-editor:not(.elementor-drop-cap-view-default) .elementor-drop-cap-letter{width:1em;height:1em}.elementor-widget-text-editor .elementor-drop-cap{float:left;text-align:center;line-height:1;font-size:50px}.elementor-widget-text-editor .elementor-drop-cap-letter{display:inline-block}<\/style>\t\t\t\t<p class=\"p1\">Para disfrutar en comedor o p\u00eddelo para llevar al tel\u00e9fono: 656 791 2177.<\/p><p>Desc\u00e1rgalo <a href=\"https:\/\/panespan.mx\/wp-content\/uploads\/2025\/07\/Menu-Panpan-2025-3.pdf\" target=\"_blank\" rel=\"noopener\">AQU\u00cd.<\/a><\/p>\t\t\t\t\t\t<\/div>\n\t\t\t\t<\/div>\n\t\t\t\t\t<\/div>\n\t\t<\/div>\n\t\t\t\t\t<\/div>\n\t\t<\/section>\n\t\t\t\t\t<\/div>\n\t\t<\/div>\n\t\t\t\t\t<\/div>\n\t\t<\/section>\n\t\t\t\t<\/div>\n\t\t","protected":false},"excerpt":{"rendered":"<p>Amor en cada pieza Con creaciones libres de conservadores Descarga Nuestro Men\u00fa Para disfrutar en comedor o p\u00eddelo para llevar al tel\u00e9fono: 656 791 2177. Desc\u00e1rgalo AQU\u00cd.<\/p>\n","protected":false},"author":1,"featured_media":0,"parent":0,"menu_order":0,"comment_status":"closed","ping_status":"closed","template":"","meta":{"footnotes":""},"class_list":["post-520","page","type-page","status-publish","hentry"],"_links":{"self":[{"href":"https:\/\/panespan.mx\/index.php?rest_route=\/wp\/v2\/pages\/520","targetHints":{"allow":["GET"]}}],"collection":[{"href":"https:\/\/panespan.mx\/index.php?rest_route=\/wp\/v2\/pages"}],"about":[{"href":"https:\/\/panespan.mx\/index.php?rest_route=\/wp\/v2\/types\/page"}],"author":[{"embeddable":true,"href":"https:\/\/panespan.mx\/index.php?rest_route=\/wp\/v2\/users\/1"}],"replies":[{"embeddable":true,"href":"https:\/\/panespan.mx\/index.php?rest_route=%2Fwp%2Fv2%2Fcomments&post=520"}],"version-history":[{"count":109,"href":"https:\/\/panespan.mx\/index.php?rest_route=\/wp\/v2\/pages\/520\/revisions"}],"predecessor-version":[{"id":5040,"href":"https:\/\/panespan.mx\/index.php?rest_route=\/wp\/v2\/pages\/520\/revisions\/5040"}],"wp:attachment":[{"href":"https:\/\/panespan.mx\/index.php?rest_route=%2Fwp%2Fv2%2Fmedia&parent=520"}],"curies":[{"name":"wp","href":"https:\/\/api.w.org\/{rel}","templated":true}]}}